{"id":118,"date":"2016-09-23T20:20:45","date_gmt":"2016-09-23T20:20:45","guid":{"rendered":"http:\/\/wissenskooperationen.de\/?page_id=118"},"modified":"2018-04-02T16:43:53","modified_gmt":"2018-04-02T16:43:53","slug":"zentrale-konzepte-der-positiven-psychotherapie","status":"publish","type":"page","link":"http:\/\/wissenskooperationen.de\/?page_id=118","title":{"rendered":"Zentrale Konzepte der Positiven Psychotherapie"},"content":{"rendered":"<p style=\"padding-left: 60px; text-align: left;\"><span style=\"font-size: 14pt;\"><em><span style=\"font-family: arial, helvetica, sans-serif;\">&#8222;Nicht das Ausbleiben von Krisen und Konflikten, sondern ein kreativer und konstruktiver Umgang mit diesen erm\u00f6glicht Wachstum.&#8220;<br \/>\nNossrat Peseschkian (1933-2010)<\/span><\/em><\/span><\/p>\n<p style=\"text-align: left;\"><span style=\"font-family: arial, helvetica, sans-serif; font-size: 12pt;\"><img decoding=\"async\" loading=\"lazy\" class=\"alignleft wp-image-422\" src=\"http:\/\/wissenskooperationen.de\/wp-content\/uploads\/2018\/04\/IMG_0736-300x225.jpg\" alt=\"\" width=\"313\" height=\"236\" srcset=\"http:\/\/wissenskooperationen.de\/wp-content\/uploads\/2018\/04\/IMG_0736-300x225.jpg 300w, http:\/\/wissenskooperationen.de\/wp-content\/uploads\/2018\/04\/IMG_0736-768x576.jpg 768w, http:\/\/wissenskooperationen.de\/wp-content\/uploads\/2018\/04\/IMG_0736-1024x768.jpg 1024w\" sizes=\"(max-width: 313px) 100vw, 313px\" \/><span style=\"font-size: 14pt;\">Die Positive Psychotherapie (PPT) nach Prof. Nossrat Peseschkian\u00a0 geh\u00f6rt zu den tiefenpsychologisch fundierten Therapieverfahren. Ausgehend von einem humanistischen Menschenbild wird die \u00dcberzeugung vertreten,\u00a0 dass Menschen grunds\u00e4tzlich die F\u00e4higkeiten mitbringen, die ihnen erm\u00f6glichen, ein erf\u00fclltes und selbstbestimmtes Leben zu f\u00fchren. Selbst wenn bestimmte Bedingungen die psychische Entwicklung ung\u00fcnstig beeinflusst haben, bleiben Menschen lern- und entwicklungsf\u00e4hig. Die Aufgabe des Therapeuten ist es, diese Ressourcen zu f\u00f6rdern und freizulegen.<\/span><\/span><\/p>\n<div id=\"theme-page\" class=\"master-holder clearfix\">\n<div class=\"mk-main-wrapper-holder\">\n<div id=\"mk-page-id-2753\" class=\"theme-page-wrapper mk-main-wrapper mk-grid right-layout \">\n<div class=\"theme-content \">\n<p><span style=\"font-family: arial, helvetica, sans-serif; font-size: 14pt;\">Der Fokus der Positiven Psychotherapie ist l\u00f6sungs- und ressourcenorientiert. In der Praxis kommen verschiedene Prinzipien zum Tragen.<\/span><\/p>\n<ul>\n<li><span style=\"font-family: arial, helvetica, sans-serif; font-size: 14pt;\">Prinzip des Reframings<\/span><br \/>\n<span style=\"font-family: arial, helvetica, sans-serif; font-size: 14pt;\"> Die Energie, die in sogenannten psychischen St\u00f6rungen liegt, wird im Rahmen dieser Therapieform nicht als Feind verstanden, den man bek\u00e4mpfen muss, sondern als Ressource, die man nutzen kann. So wird eine St\u00f6rung oder ein unpassendes Verhalten umgedeutet zu einer St\u00e4rke, die es kontextangemessen einzusetzen gilt.<\/span><\/li>\n<li><span style=\"font-family: arial, helvetica, sans-serif; font-size: 14pt;\">Ganzheitlicher Ansatz<\/span><br \/>\n<span style=\"font-family: arial, helvetica, sans-serif; font-size: 14pt;\"> Die Positive Psychotherapie hat einen systemischen und ganzheitlichen Ansatz und bezieht in der praktischen Anwendung sowohl geistige, k\u00f6rperliche als auch emotionale Aspekte ein. Auch die Beziehungen zur Umwelt und anderen Menschen werden daher ber\u00fccksichtigt, da ohne diese Einbeziehung ein Therapieerfolg fraglich ist.<\/span><\/li>\n<li><span style=\"font-family: arial, helvetica, sans-serif; font-size: 14pt;\">Hilfe zur Selbsthilfe<\/span><br \/>\n<span style=\"font-family: arial, helvetica, sans-serif; font-size: 14pt;\"> Ausgehend vom positiven Menschenbild eines autonomen und ressourcevollen Individuums ist es das Ziel des Therapeuten, seinen Klienten schnellstm\u00f6glich zu bef\u00e4higen, seine Probleme auch ohne seine Unterst\u00fctzung allein zu bew\u00e4ltigen. Daher werden alle Aktivit\u00e4ten begr\u00fc\u00dft und unterst\u00fctzt, die helfen k\u00f6nnen, dieses Ziel zu erreichen.<\/span><\/li>\n<\/ul>\n<\/div>\n<\/div>\n<\/div>\n<\/div>\n<p><span style=\"font-family: arial, helvetica, sans-serif; font-size: 14pt;\">Herzst\u00fcck der Positiven Psychotherapie ist das Balance-Modell. Nach Peseschkian ist geistige und k\u00f6rperliche Gesundheit nur durch ein Gleichgewicht in den vier Lebensbereichen K\u00f6rper\/Sinne, Leistung\/Beruf, Kontakte\/Partnerschaft und Sinn\/Zukunft zu erreichen.<\/span><\/p>\n<p><span style=\"font-family: arial, helvetica, sans-serif; font-size: 14pt;\">Psychosomatische St\u00f6rungen haben ihre Ursache in der Unausgewogenheit in mindestens einem der vier Bereiche:<\/span><\/p>\n<ul>\n<li><span style=\"font-family: arial, helvetica, sans-serif; font-size: 14pt;\">exzessive Gesundheitspflege versus bewusster Raubbau an der eigenen Physis<\/span><\/li>\n<li><span style=\"font-family: arial, helvetica, sans-serif; font-size: 14pt;\">Arbeitssucht versus Flucht vor Leistungsanforderungen<\/span><\/li>\n<li><span style=\"font-family: arial, helvetica, sans-serif; font-size: 14pt;\">R\u00fcckzug in sich selbst versus Flucht in die Geselligkeit<\/span><\/li>\n<li><span style=\"font-family: arial, helvetica, sans-serif; font-size: 14pt;\">Flucht in Utopien versus Phantasielosigkeit\/Realit\u00e4tsorientierung<\/span><\/li>\n<\/ul>\n<p><span style=\"font-family: arial, helvetica, sans-serif; font-size: 14pt;\">Da der Methode transkulturelle Untersuchungen in \u00fcber 20 Kulturen zugrunde liegen, die aufzeigen, wie unterschiedlich Verhaltensweisen, Gewohnheiten und Einstellungen abh\u00e4ngig vom Kulturkreis bewertet werden, eignet sie sich insbesondere auch bei interkulturellen Fragestellungen.<\/span><\/p>\n<p>&nbsp;<\/p>\n","protected":false},"excerpt":{"rendered":"<p>&#8222;Nicht das Ausbleiben von Krisen und Konflikten, sondern ein kreativer und konstruktiver Umgang mit diesen erm\u00f6glicht Wachstum.&#8220; Nossrat Peseschkian (1933-2010) Die Positive Psychotherapie (PPT) nach Prof. Nossrat Peseschkian\u00a0 geh\u00f6rt zu den tiefenpsychologisch fundierten Therapieverfahren. Ausgehend von einem humanistischen Menschenbild wird die \u00dcberzeugung vertreten,\u00a0 dass Menschen grunds\u00e4tzlich die F\u00e4higkeiten mitbringen, die ihnen erm\u00f6glichen, ein erf\u00fclltes und &hellip; <\/p>\n<p class=\"link-more\"><a href=\"http:\/\/wissenskooperationen.de\/?page_id=118\" class=\"more-link\"><span class=\"screen-reader-text\">\u201eZentrale Konzepte der Positiven Psychotherapie\u201c<\/span> weiterlesen<\/a><\/p>\n","protected":false},"author":1,"featured_media":0,"parent":20,"menu_order":2,"comment_status":"closed","ping_status":"closed","template":"","meta":[],"_links":{"self":[{"href":"http:\/\/wissenskooperationen.de\/index.php?rest_route=\/wp\/v2\/pages\/118"}],"collection":[{"href":"http:\/\/wissenskooperationen.de\/index.php?rest_route=\/wp\/v2\/pages"}],"about":[{"href":"http:\/\/wissenskooperationen.de\/index.php?rest_route=\/wp\/v2\/types\/page"}],"author":[{"embeddable":true,"href":"http:\/\/wissenskooperationen.de\/index.php?rest_route=\/wp\/v2\/users\/1"}],"replies":[{"embeddable":true,"href":"http:\/\/wissenskooperationen.de\/index.php?rest_route=%2Fwp%2Fv2%2Fcomments&post=118"}],"version-history":[{"count":9,"href":"http:\/\/wissenskooperationen.de\/index.php?rest_route=\/wp\/v2\/pages\/118\/revisions"}],"predecessor-version":[{"id":460,"href":"http:\/\/wissenskooperationen.de\/index.php?rest_route=\/wp\/v2\/pages\/118\/revisions\/460"}],"up":[{"embeddable":true,"href":"http:\/\/wissenskooperationen.de\/index.php?rest_route=\/wp\/v2\/pages\/20"}],"wp:attachment":[{"href":"http:\/\/wissenskooperationen.de\/index.php?rest_route=%2Fwp%2Fv2%2Fmedia&parent=118"}],"curies":[{"name":"wp","href":"https:\/\/api.w.org\/{rel}","templated":true}]}}