{"id":129,"date":"2016-09-27T10:55:11","date_gmt":"2016-09-27T10:55:11","guid":{"rendered":"http:\/\/wissenskooperationen.de\/?page_id=129"},"modified":"2018-04-02T17:42:56","modified_gmt":"2018-04-02T17:42:56","slug":"privatpersonen","status":"publish","type":"page","link":"http:\/\/wissenskooperationen.de\/?page_id=129","title":{"rendered":"Psychotherapie, Beratung und Coaching f\u00fcr Einzelpersonen"},"content":{"rendered":"<p><span style=\"font-size: 14pt;\">&#8222;Wer Gl\u00fcck will, muss erwerben, was ihm kein Schicksalsschlag entrei\u00dfen kann&#8220; (Augustinus, 354-430 n. Chr.)<\/span><\/p>\n<p><span style=\"font-size: 14pt;\">Kritische Lebensereignisse finden sich in jedem Lebenslauf. Man versteht darunter einschneidende Ver\u00e4nderungen im Leben eines Menschen. Beispiele sind sowohl positiv erlebte Ereignisse wie Auszug aus dem Elternhaus, Heirat oder Geburt eines Kindes als auch negative Erfahrungen wie Arbeitsplatzverlust, Trennungen, der Tod eines nahen Verwandten, der Eintritt ins Rentenalter, eine pl\u00f6tzliche schwere Erkrankung oder andere lebensbedrohliche Situationen. Doch nicht nur die gro\u00dfen Ereignisse k\u00f6nnen Menschen aus der Bahn werfen. Nach dem Motto &#8222;steter Tropfen h\u00f6hlt den Stein&#8220; belasten auch kleine seelische Verletzungen, Reibungen und andauernde Konflikte &#8211; so genannte Mikrotraumen &#8211; unser Wohlbefinden.<\/span><\/p>\n<p><span style=\"font-size: 14pt;\">In der Folge k\u00f6nnen sich Symptome einstellen, die psychotherapeutisch gut zu behandeln sind, darunter<\/span><\/p>\n<ul>\n<li><span style=\"font-size: 14pt;\">Hoffnungslosigkeit und andere Symptome einer depressiven Verstimmung<\/span><\/li>\n<li><span style=\"font-size: 14pt;\">\u00c4ngste oder Panikattacken<\/span><\/li>\n<li><span style=\"font-size: 14pt;\">Schmerzen oder andere k\u00f6rperliche Symptome, die sich \u00e4rztlich nicht vollst\u00e4ndig erkl\u00e4ren lassen<\/span><\/li>\n<li><span style=\"font-size: 14pt;\">im Beruf wegen Mobbing oder Burnout nicht weiter wissen,<\/span><\/li>\n<li><span style=\"font-size: 14pt;\">in Ihrer Partnerschaft auf der Stelle treten oder ungl\u00fccklich sein,<\/span><\/li>\n<li><span style=\"font-size: 14pt;\">privat oder beruflich mit Aufgaben konfrontiert werden, die als stark belastend erlebt werden<\/span><\/li>\n<li><span style=\"font-size: 14pt;\">Gef\u00fchl der Orientierungslosigkeit verbunden mit dem Wunsch grundlegend etwas im eigenen Leben ver\u00e4ndern zu wollen<\/span><\/li>\n<\/ul>\n","protected":false},"excerpt":{"rendered":"<p>&#8222;Wer Gl\u00fcck will, muss erwerben, was ihm kein Schicksalsschlag entrei\u00dfen kann&#8220; (Augustinus, 354-430 n. Chr.) Kritische Lebensereignisse finden sich in jedem Lebenslauf. Man versteht darunter einschneidende Ver\u00e4nderungen im Leben eines Menschen. Beispiele sind sowohl positiv erlebte Ereignisse wie Auszug aus dem Elternhaus, Heirat oder Geburt eines Kindes als auch negative Erfahrungen wie Arbeitsplatzverlust, Trennungen, der &hellip; <\/p>\n<p class=\"link-more\"><a href=\"http:\/\/wissenskooperationen.de\/?page_id=129\" class=\"more-link\"><span class=\"screen-reader-text\">\u201ePsychotherapie, Beratung und Coaching f\u00fcr Einzelpersonen\u201c<\/span> weiterlesen<\/a><\/p>\n","protected":false},"author":1,"featured_media":0,"parent":233,"menu_order":0,"comment_status":"closed","ping_status":"closed","template":"","meta":[],"_links":{"self":[{"href":"http:\/\/wissenskooperationen.de\/index.php?rest_route=\/wp\/v2\/pages\/129"}],"collection":[{"href":"http:\/\/wissenskooperationen.de\/index.php?rest_route=\/wp\/v2\/pages"}],"about":[{"href":"http:\/\/wissenskooperationen.de\/index.php?rest_route=\/wp\/v2\/types\/page"}],"author":[{"embeddable":true,"href":"http:\/\/wissenskooperationen.de\/index.php?rest_route=\/wp\/v2\/users\/1"}],"replies":[{"embeddable":true,"href":"http:\/\/wissenskooperationen.de\/index.php?rest_route=%2Fwp%2Fv2%2Fcomments&post=129"}],"version-history":[{"count":33,"href":"http:\/\/wissenskooperationen.de\/index.php?rest_route=\/wp\/v2\/pages\/129\/revisions"}],"predecessor-version":[{"id":479,"href":"http:\/\/wissenskooperationen.de\/index.php?rest_route=\/wp\/v2\/pages\/129\/revisions\/479"}],"up":[{"embeddable":true,"href":"http:\/\/wissenskooperationen.de\/index.php?rest_route=\/wp\/v2\/pages\/233"}],"wp:attachment":[{"href":"http:\/\/wissenskooperationen.de\/index.php?rest_route=%2Fwp%2Fv2%2Fmedia&parent=129"}],"curies":[{"name":"wp","href":"https:\/\/api.w.org\/{rel}","templated":true}]}}