{"id":154,"date":"2016-09-28T15:58:20","date_gmt":"2016-09-28T15:58:20","guid":{"rendered":"http:\/\/wissenskooperationen.de\/?page_id=154"},"modified":"2023-03-29T10:45:33","modified_gmt":"2023-03-29T10:45:33","slug":"beratungskonzept-ablauf-und-kosten","status":"publish","type":"page","link":"http:\/\/wissenskooperationen.de\/?page_id=154","title":{"rendered":"Honorar"},"content":{"rendered":"<div id=\"page-50ab9d73e4b09a617638225b\" data-type=\"page\" data-updated-on=\"1474916889885\">\n<div>\n<div>\n<div id=\"block-1c00862909e7447d19be\" data-block-type=\"44\">\n<div>\n<p><span style=\"font-size: 14pt;\"><strong>Einzelsitzung<\/strong><\/span><br \/>\n<span style=\"font-size: 14pt;\"> 45 Minuten 60,- \u20ac<\/span><br \/>\n<span style=\"font-size: 14pt;\"> 60 Minuten 75,- \u20ac<\/span><br \/>\n<span style=\"font-size: 14pt;\"> 90 Minuten 110,- \u20ac.<\/span><\/p>\n<\/div>\n<p><span style=\"font-size: 14pt;\"><strong>Probesitzung<\/strong><\/span><br \/>\n<span style=\"font-size: 14pt;\"> Damit Sie entscheiden k\u00f6nnen, ob Sie mit mir arbeiten wollen, biete ich Ihnen die erste Sitzung zum reduzierten Honorarsatz (50%) an. Gemeinsam besprechen wir Dauer und H\u00e4ufigkeit weiterer Sitzungen.<\/span><\/p>\n<div>\n<p><span style=\"font-size: 14pt;\"><strong>Mehrere Sitzungen<\/strong><\/span><br \/>\n<span style=\"font-size: 14pt;\"> 5 Sitzungen \u00e0 60-Minuten 350,- \u20ac<\/span><br \/>\n<span style=\"font-size: 14pt;\"> 5 Sitzungen \u00e0 90-Minuten 490,- \u20ac<\/span><\/p>\n<\/div>\n<div>\n<h2 id=\"regelungen\"><span style=\"font-size: 14pt; color: #000000;\"><strong>Weitere Regelungen<\/strong><\/span><\/h2>\n<p><span style=\"font-size: 14pt;\">Ich bin eine reine Privatpraxis, gebe keine Informationen an Krankenkassen weiter, rechne allerdings auch nicht \u00fcber Krankenkassen ab. Die Kosten f\u00fcr eine Psychotherapie k\u00f6nnen als &#8222;au\u00dfergew\u00f6hnliche Belastungen&#8220; bei der Steuererkl\u00e4rung geltend gemacht werden .<\/span><\/p>\n<p><span style=\"font-size: 14pt;\"><strong>Terminabsagen<\/strong><\/span><\/p>\n<p><span style=\"font-size: 14pt;\">Wenn Sie einen Termin einmal nicht wahrnehmen k\u00f6nnen, sagen Sie bitte mindestens 24 Stunden vorher ab. Andernfalls muss ich die volle Stunde in Rechnung stellen.<\/span><\/p>\n<\/div>\n<\/div>\n<\/div>\n<\/div>\n<\/div>\n","protected":false},"excerpt":{"rendered":"<p>Einzelsitzung 45 Minuten 60,- \u20ac 60 Minuten 75,- \u20ac 90 Minuten 110,- \u20ac. Probesitzung Damit Sie entscheiden k\u00f6nnen, ob Sie mit mir arbeiten wollen, biete ich Ihnen die erste Sitzung zum reduzierten Honorarsatz (50%) an. Gemeinsam besprechen wir Dauer und H\u00e4ufigkeit weiterer Sitzungen. Mehrere Sitzungen 5 Sitzungen \u00e0 60-Minuten 350,- \u20ac 5 Sitzungen \u00e0 90-Minuten &hellip; <\/p>\n<p class=\"link-more\"><a href=\"http:\/\/wissenskooperationen.de\/?page_id=154\" class=\"more-link\"><span class=\"screen-reader-text\">\u201eHonorar\u201c<\/span> weiterlesen<\/a><\/p>\n","protected":false},"author":1,"featured_media":0,"parent":0,"menu_order":5,"comment_status":"closed","ping_status":"closed","template":"","meta":[],"_links":{"self":[{"href":"http:\/\/wissenskooperationen.de\/index.php?rest_route=\/wp\/v2\/pages\/154"}],"collection":[{"href":"http:\/\/wissenskooperationen.de\/index.php?rest_route=\/wp\/v2\/pages"}],"about":[{"href":"http:\/\/wissenskooperationen.de\/index.php?rest_route=\/wp\/v2\/types\/page"}],"author":[{"embeddable":true,"href":"http:\/\/wissenskooperationen.de\/index.php?rest_route=\/wp\/v2\/users\/1"}],"replies":[{"embeddable":true,"href":"http:\/\/wissenskooperationen.de\/index.php?rest_route=%2Fwp%2Fv2%2Fcomments&post=154"}],"version-history":[{"count":21,"href":"http:\/\/wissenskooperationen.de\/index.php?rest_route=\/wp\/v2\/pages\/154\/revisions"}],"predecessor-version":[{"id":526,"href":"http:\/\/wissenskooperationen.de\/index.php?rest_route=\/wp\/v2\/pages\/154\/revisions\/526"}],"wp:attachment":[{"href":"http:\/\/wissenskooperationen.de\/index.php?rest_route=%2Fwp%2Fv2%2Fmedia&parent=154"}],"curies":[{"name":"wp","href":"https:\/\/api.w.org\/{rel}","templated":true}]}}